{"id":27,"date":"2020-11-23T11:19:47","date_gmt":"2020-11-23T14:19:47","guid":{"rendered":"https:\/\/ecoflocos.com.br\/?page_id=27"},"modified":"2024-08-07T22:27:33","modified_gmt":"2024-08-08T01:27:33","slug":"quemsomos","status":"publish","type":"page","link":"https:\/\/ecoflocos.com.br\/index.php\/quemsomos\/","title":{"rendered":""},"content":{"rendered":"\t\t<div data-elementor-type=\"wp-page\" data-elementor-id=\"27\" class=\"elementor elementor-27\">\n\t\t\t\t\t\t<section class=\"elementor-section elementor-top-section elementor-element elementor-element-b885163 elementor-section-boxed elementor-section-height-default elementor-section-height-default\" data-id=\"b885163\" data-element_type=\"section\">\n\t\t\t\t\t\t<div class=\"elementor-container elementor-column-gap-default\">\n\t\t\t\t\t<div class=\"elementor-column elementor-col-100 elementor-top-column elementor-element elementor-element-ee5fee9\" data-id=\"ee5fee9\" data-element_type=\"column\">\n\t\t\t<div class=\"elementor-widget-wrap elementor-element-populated\">\n\t\t\t\t\t\t\t<\/div>\n\t\t<\/div>\n\t\t\t\t\t<\/div>\n\t\t<\/section>\n\t\t\t\t<section class=\"elementor-section elementor-top-section elementor-element elementor-element-454a181 elementor-section-boxed elementor-section-height-default elementor-section-height-default\" data-id=\"454a181\" data-element_type=\"section\">\n\t\t\t\t\t\t<div class=\"elementor-container elementor-column-gap-default\">\n\t\t\t\t\t<div class=\"elementor-column elementor-col-50 elementor-top-column elementor-element elementor-element-cfc5c55\" data-id=\"cfc5c55\" data-element_type=\"column\">\n\t\t\t<div class=\"elementor-widget-wrap elementor-element-populated\">\n\t\t\t\t\t\t<div class=\"elementor-element elementor-element-a3d3041 elementor-invisible elementor-widget elementor-widget-text-editor\" data-id=\"a3d3041\" data-element_type=\"widget\" data-settings=\"{&quot;_animation&quot;:&quot;fadeInLeft&quot;}\" data-widget_type=\"text-editor.default\">\n\t\t\t\t<div class=\"elementor-widget-container\">\n\t\t\t\t\t\t\t<p><strong>A quantidade de e-commerces vem crescendo a cada dia e consequentemente o ac\u00famulo de embalagens tamb\u00e9m. Precisamos pensar em solu\u00e7\u00f5es sustent\u00e1veis e que sejam 100% enquadradas na quest\u00e3o ambiental para manter o produto em perfeito estado at\u00e9 chegar ao cliente final.<\/strong><\/p>\t\t\t\t\t\t<\/div>\n\t\t\t\t<\/div>\n\t\t\t\t\t<\/div>\n\t\t<\/div>\n\t\t\t\t<div class=\"elementor-column elementor-col-50 elementor-top-column elementor-element elementor-element-66cccdd\" data-id=\"66cccdd\" data-element_type=\"column\">\n\t\t\t<div class=\"elementor-widget-wrap elementor-element-populated\">\n\t\t\t\t\t\t<div class=\"elementor-element elementor-element-86a5dc8 elementor-invisible elementor-widget elementor-widget-image\" data-id=\"86a5dc8\" data-element_type=\"widget\" data-settings=\"{&quot;_animation&quot;:&quot;fadeInRight&quot;}\" data-widget_type=\"image.default\">\n\t\t\t\t<div class=\"elementor-widget-container\">\n\t\t\t\t\t\t\t\t\t\t\t\t\t<img decoding=\"async\" src=\"https:\/\/ecoflocos.com.br\/wp-content\/uploads\/elementor\/thumbs\/pexels-cottonbro-4568698-scaled-p5vphe436qt9djmvg1zgez5bfu6hsas993j44bym40-p6siitg9ehyp1op9jg2mauo4wz76440outgq2uy7ao.jpg\" title=\"pexels-cottonbro-4568698-scaled-p5vphe436qt9djmvg1zgez5bfu6hsas993j44bym40\" alt=\"\" loading=\"lazy\" \/>\t\t\t\t\t\t\t\t\t\t\t\t\t<\/div>\n\t\t\t\t<\/div>\n\t\t\t\t\t<\/div>\n\t\t<\/div>\n\t\t\t\t\t<\/div>\n\t\t<\/section>\n\t\t\t\t<section class=\"elementor-section elementor-top-section elementor-element elementor-element-1db91c7 elementor-section-boxed elementor-section-height-default elementor-section-height-default\" data-id=\"1db91c7\" data-element_type=\"section\">\n\t\t\t\t\t\t<div class=\"elementor-container elementor-column-gap-default\">\n\t\t\t\t\t<div class=\"elementor-column elementor-col-50 elementor-top-column elementor-element elementor-element-d1e9d09\" data-id=\"d1e9d09\" data-element_type=\"column\">\n\t\t\t<div class=\"elementor-widget-wrap elementor-element-populated\">\n\t\t\t\t\t\t<div class=\"elementor-element elementor-element-7cefb5a elementor-invisible elementor-widget elementor-widget-image\" data-id=\"7cefb5a\" data-element_type=\"widget\" data-settings=\"{&quot;_animation&quot;:&quot;fadeInLeft&quot;}\" data-widget_type=\"image.default\">\n\t\t\t\t<div class=\"elementor-widget-container\">\n\t\t\t\t\t\t\t\t\t\t\t\t\t<img decoding=\"async\" src=\"https:\/\/ecoflocos.com.br\/wp-content\/uploads\/elementor\/thumbs\/Foto-EcoFlocos-scaled-p5vocucqd1ayj4j980zucpigwg1gqct40ee1tm30j4.jpg\" title=\"Foto-EcoFlocos\" alt=\"\" loading=\"lazy\" \/>\t\t\t\t\t\t\t\t\t\t\t\t\t<\/div>\n\t\t\t\t<\/div>\n\t\t\t\t\t<\/div>\n\t\t<\/div>\n\t\t\t\t<div class=\"elementor-column elementor-col-50 elementor-top-column elementor-element elementor-element-7bbda56\" data-id=\"7bbda56\" data-element_type=\"column\">\n\t\t\t<div class=\"elementor-widget-wrap elementor-element-populated\">\n\t\t\t\t\t\t<div class=\"elementor-element elementor-element-0e3ae21 elementor-invisible elementor-widget elementor-widget-text-editor\" data-id=\"0e3ae21\" data-element_type=\"widget\" data-settings=\"{&quot;_animation&quot;:&quot;fadeInRight&quot;}\" data-widget_type=\"text-editor.default\">\n\t\t\t\t<div class=\"elementor-widget-container\">\n\t\t\t\t\t\t\t<p><strong>Pensando nisso surgiu a ECO FLOCOS.<\/strong><\/p><p><strong>Uma solu\u00e7\u00e3o anti-impacto feita a partir da extrus\u00e3o do milho, o que permite seu descarte sem qualquer preocupa\u00e7\u00e3o.<\/strong><\/p><p><strong>Ideal para prote\u00e7\u00e3o de produtos em v\u00e1rios segmentos, como na ind\u00fastria eletroeletr\u00f4nica, inform\u00e1tica, mec\u00e2nica, farmac\u00eautica, cer\u00e2mica, metal\u00fargica, de cosm\u00e9ticos, vidro, ilumina\u00e7\u00e3o, entre outros.<\/strong><\/p>\t\t\t\t\t\t<\/div>\n\t\t\t\t<\/div>\n\t\t\t\t\t<\/div>\n\t\t<\/div>\n\t\t\t\t\t<\/div>\n\t\t<\/section>\n\t\t\t\t<section class=\"elementor-section elementor-top-section elementor-element elementor-element-9a6cff1 elementor-section-boxed elementor-section-height-default elementor-section-height-default\" data-id=\"9a6cff1\" data-element_type=\"section\">\n\t\t\t\t\t\t<div class=\"elementor-container elementor-column-gap-default\">\n\t\t\t\t\t<div class=\"elementor-column elementor-col-50 elementor-top-column elementor-element elementor-element-ec208fc\" data-id=\"ec208fc\" data-element_type=\"column\">\n\t\t\t<div class=\"elementor-widget-wrap elementor-element-populated\">\n\t\t\t\t\t\t<div class=\"elementor-element elementor-element-be250fc elementor-invisible elementor-widget elementor-widget-text-editor\" data-id=\"be250fc\" data-element_type=\"widget\" data-settings=\"{&quot;_animation&quot;:&quot;fadeInLeft&quot;}\" data-widget_type=\"text-editor.default\">\n\t\t\t\t<div class=\"elementor-widget-container\">\n\t\t\t\t\t\t\t<p><strong style=\"color: var( --e-global-color-text ); font-size: 25px;\">\u00a0Existem algumas formas para voc\u00ea fazer o melhor descarte do Eco Flocos ap\u00f3s o seu uso, como por exemplo: coloc\u00e1-lo como um elemento na composteira; tamb\u00e9m como adubo para plantas ou ser dissolvido na \u00e1gua.<\/strong><\/p><p><strong style=\"color: var( --e-global-color-text ); font-size: 25px;\">Essas op\u00e7\u00f5es de descarte tornam o Eco Flocos um produto totalmente biodegrad\u00e1vel e que n\u00e3o polui o meio ambiente.<\/strong><\/p>\t\t\t\t\t\t<\/div>\n\t\t\t\t<\/div>\n\t\t\t\t\t<\/div>\n\t\t<\/div>\n\t\t\t\t<div class=\"elementor-column elementor-col-50 elementor-top-column elementor-element elementor-element-b8cf628\" data-id=\"b8cf628\" data-element_type=\"column\">\n\t\t\t<div class=\"elementor-widget-wrap elementor-element-populated\">\n\t\t\t\t\t\t<div class=\"elementor-element elementor-element-b6e7772 elementor-invisible elementor-widget elementor-widget-image\" data-id=\"b6e7772\" data-element_type=\"widget\" data-settings=\"{&quot;_animation&quot;:&quot;fadeInRight&quot;}\" data-widget_type=\"image.default\">\n\t\t\t\t<div class=\"elementor-widget-container\">\n\t\t\t\t\t\t\t\t\t\t\t\t\t<img decoding=\"async\" src=\"https:\/\/ecoflocos.com.br\/wp-content\/uploads\/elementor\/thumbs\/Eco-Flcoos-dissolvido-p5vobozu0bqcca7bxj49azy6rhpbbo8x6poopfsc4w.jpg\" title=\"Eco Flcoos dissolvido\" alt=\"\" loading=\"lazy\" \/>\t\t\t\t\t\t\t\t\t\t\t\t\t<\/div>\n\t\t\t\t<\/div>\n\t\t\t\t\t<\/div>\n\t\t<\/div>\n\t\t\t\t\t<\/div>\n\t\t<\/section>\n\t\t\t\t<section class=\"elementor-section elementor-top-section elementor-element elementor-element-ba69474 elementor-section-boxed elementor-section-height-default elementor-section-height-default\" data-id=\"ba69474\" data-element_type=\"section\">\n\t\t\t\t\t\t<div class=\"elementor-container elementor-column-gap-default\">\n\t\t\t\t\t<div class=\"elementor-column elementor-col-50 elementor-top-column elementor-element elementor-element-3f793c0\" data-id=\"3f793c0\" data-element_type=\"column\">\n\t\t\t<div class=\"elementor-widget-wrap elementor-element-populated\">\n\t\t\t\t\t\t<div class=\"elementor-element elementor-element-8742f0e elementor-invisible elementor-widget elementor-widget-image\" data-id=\"8742f0e\" data-element_type=\"widget\" data-settings=\"{&quot;_animation&quot;:&quot;fadeInLeft&quot;}\" data-widget_type=\"image.default\">\n\t\t\t\t<div class=\"elementor-widget-container\">\n\t\t\t\t\t\t\t\t\t\t\t\t\t<img fetchpriority=\"high\" decoding=\"async\" width=\"810\" height=\"540\" src=\"https:\/\/ecoflocos.com.br\/wp-content\/uploads\/2021\/01\/young-man-working-at-warehouse-with-boxes-1024x683.jpg\" class=\"attachment-large size-large wp-image-245\" alt=\"\" srcset=\"https:\/\/ecoflocos.com.br\/wp-content\/uploads\/2021\/01\/young-man-working-at-warehouse-with-boxes-1024x683.jpg 1024w, https:\/\/ecoflocos.com.br\/wp-content\/uploads\/2021\/01\/young-man-working-at-warehouse-with-boxes-scaled-1080x720.jpg 1080w, https:\/\/ecoflocos.com.br\/wp-content\/uploads\/2021\/01\/young-man-working-at-warehouse-with-boxes-300x200.jpg 300w, https:\/\/ecoflocos.com.br\/wp-content\/uploads\/2021\/01\/young-man-working-at-warehouse-with-boxes-768x512.jpg 768w, https:\/\/ecoflocos.com.br\/wp-content\/uploads\/2021\/01\/young-man-working-at-warehouse-with-boxes-1536x1024.jpg 1536w, https:\/\/ecoflocos.com.br\/wp-content\/uploads\/2021\/01\/young-man-working-at-warehouse-with-boxes-2048x1365.jpg 2048w, https:\/\/ecoflocos.com.br\/wp-content\/uploads\/2021\/01\/young-man-working-at-warehouse-with-boxes-90x60.jpg 90w\" sizes=\"(max-width: 810px) 100vw, 810px\" \/>\t\t\t\t\t\t\t\t\t\t\t\t\t<\/div>\n\t\t\t\t<\/div>\n\t\t\t\t\t<\/div>\n\t\t<\/div>\n\t\t\t\t<div class=\"elementor-column elementor-col-50 elementor-top-column elementor-element elementor-element-2dca815\" data-id=\"2dca815\" data-element_type=\"column\">\n\t\t\t<div class=\"elementor-widget-wrap elementor-element-populated\">\n\t\t\t\t\t\t<div class=\"elementor-element elementor-element-da3a2b9 elementor-invisible elementor-widget elementor-widget-text-editor\" data-id=\"da3a2b9\" data-element_type=\"widget\" data-settings=\"{&quot;_animation&quot;:&quot;fadeInRight&quot;}\" data-widget_type=\"text-editor.default\">\n\t\t\t\t<div class=\"elementor-widget-container\">\n\t\t\t\t\t\t\t<p><strong>O Eco Flocos vem conquistando espa\u00e7o no mercado e se fazendo presente em meio a grandes e pequenas empresas.<\/strong><\/p><p><strong>Quer ter uma solu\u00e7\u00e3o 100% biodegrad\u00e1vel em seu neg\u00f3cio?<\/strong><\/p>\t\t\t\t\t\t<\/div>\n\t\t\t\t<\/div>\n\t\t\t\t\t<\/div>\n\t\t<\/div>\n\t\t\t\t\t<\/div>\n\t\t<\/section>\n\t\t\t\t<section class=\"elementor-section elementor-top-section elementor-element elementor-element-53bc1b9 elementor-section-boxed elementor-section-height-default elementor-section-height-default\" data-id=\"53bc1b9\" data-element_type=\"section\">\n\t\t\t\t\t\t<div class=\"elementor-container elementor-column-gap-default\">\n\t\t\t\t\t<div class=\"elementor-column elementor-col-33 elementor-top-column elementor-element elementor-element-b203c19\" data-id=\"b203c19\" data-element_type=\"column\">\n\t\t\t<div class=\"elementor-widget-wrap elementor-element-populated\">\n\t\t\t\t\t\t<div class=\"elementor-element elementor-element-06e9cb9 elementor-view-default elementor-widget elementor-widget-icon\" data-id=\"06e9cb9\" data-element_type=\"widget\" data-widget_type=\"icon.default\">\n\t\t\t\t<div class=\"elementor-widget-container\">\n\t\t\t\t\t<div class=\"elementor-icon-wrapper\">\n\t\t\t<div class=\"elementor-icon\">\n\t\t\t<i aria-hidden=\"true\" class=\"fas fa-arrow-down\"><\/i>\t\t\t<\/div>\n\t\t<\/div>\n\t\t\t\t<\/div>\n\t\t\t\t<\/div>\n\t\t\t\t\t<\/div>\n\t\t<\/div>\n\t\t\t\t<div class=\"elementor-column elementor-col-33 elementor-top-column elementor-element elementor-element-160007e\" data-id=\"160007e\" data-element_type=\"column\">\n\t\t\t<div class=\"elementor-widget-wrap elementor-element-populated\">\n\t\t\t\t\t\t<div class=\"elementor-element elementor-element-f613c82 elementor-widget elementor-widget-heading\" data-id=\"f613c82\" data-element_type=\"widget\" data-widget_type=\"heading.default\">\n\t\t\t\t<div class=\"elementor-widget-container\">\n\t\t\t<h2 class=\"elementor-heading-title elementor-size-default\">Entenda nosso prop\u00f3sito<\/h2>\t\t<\/div>\n\t\t\t\t<\/div>\n\t\t\t\t\t<\/div>\n\t\t<\/div>\n\t\t\t\t<div class=\"elementor-column elementor-col-33 elementor-top-column elementor-element elementor-element-1100c36\" data-id=\"1100c36\" data-element_type=\"column\">\n\t\t\t<div class=\"elementor-widget-wrap elementor-element-populated\">\n\t\t\t\t\t\t<div class=\"elementor-element elementor-element-e85103c elementor-view-default elementor-widget elementor-widget-icon\" data-id=\"e85103c\" data-element_type=\"widget\" data-widget_type=\"icon.default\">\n\t\t\t\t<div class=\"elementor-widget-container\">\n\t\t\t\t\t<div class=\"elementor-icon-wrapper\">\n\t\t\t<div class=\"elementor-icon\">\n\t\t\t<i aria-hidden=\"true\" class=\"fas fa-arrow-down\"><\/i>\t\t\t<\/div>\n\t\t<\/div>\n\t\t\t\t<\/div>\n\t\t\t\t<\/div>\n\t\t\t\t\t<\/div>\n\t\t<\/div>\n\t\t\t\t\t<\/div>\n\t\t<\/section>\n\t\t\t\t<section class=\"elementor-section elementor-top-section elementor-element elementor-element-d2bec13 elementor-section-boxed elementor-section-height-default elementor-section-height-default\" data-id=\"d2bec13\" data-element_type=\"section\">\n\t\t\t\t\t\t<div class=\"elementor-container elementor-column-gap-default\">\n\t\t\t\t\t<div class=\"elementor-column elementor-col-100 elementor-top-column elementor-element elementor-element-9ddb60f\" data-id=\"9ddb60f\" data-element_type=\"column\">\n\t\t\t<div class=\"elementor-widget-wrap elementor-element-populated\">\n\t\t\t\t\t\t<div class=\"elementor-element elementor-element-7daa264 elementor-widget elementor-widget-video\" data-id=\"7daa264\" data-element_type=\"widget\" data-settings=\"{&quot;video_type&quot;:&quot;hosted&quot;,&quot;controls&quot;:&quot;yes&quot;}\" data-widget_type=\"video.default\">\n\t\t\t\t<div class=\"elementor-widget-container\">\n\t\t\t\t\t<div class=\"e-hosted-video elementor-wrapper elementor-open-inline\">\n\t\t\t\t\t<video class=\"elementor-video\" src=\"https:\/\/ecoflocos.com.br\/wp-content\/uploads\/2020\/12\/Video-ECOFLOCOS.mp4\" controls=\"\" preload=\"metadata\" controlsList=\"nodownload\"><\/video>\n\t\t\t\t<\/div>\n\t\t\t\t<\/div>\n\t\t\t\t<\/div>\n\t\t\t\t\t<\/div>\n\t\t<\/div>\n\t\t\t\t\t<\/div>\n\t\t<\/section>\n\t\t\t\t<section class=\"elementor-section elementor-top-section elementor-element elementor-element-ffb8d22 elementor-section-full_width elementor-section-height-default elementor-section-height-default\" data-id=\"ffb8d22\" data-element_type=\"section\">\n\t\t\t\t\t\t<div class=\"elementor-container elementor-column-gap-default\">\n\t\t\t\t\t<div class=\"elementor-column elementor-col-100 elementor-top-column elementor-element elementor-element-d08f4d5\" data-id=\"d08f4d5\" data-element_type=\"column\">\n\t\t\t<div class=\"elementor-widget-wrap elementor-element-populated\">\n\t\t\t\t\t\t<div class=\"elementor-element elementor-element-0326585 elementor-align-center animated-fast elementor-invisible elementor-widget elementor-widget-button\" data-id=\"0326585\" data-element_type=\"widget\" data-settings=\"{&quot;_animation&quot;:&quot;pulse&quot;,&quot;_animation_delay&quot;:10}\" data-widget_type=\"button.default\">\n\t\t\t\t<div class=\"elementor-widget-container\">\n\t\t\t\t\t<div class=\"elementor-button-wrapper\">\n\t\t\t<a class=\"elementor-button elementor-button-link elementor-size-xl\" href=\"https:\/\/ecoflocos.com.br\/index.php\/produto\/ecoflocos\/\">\n\t\t\t\t\t\t<span class=\"elementor-button-content-wrapper\">\n\t\t\t\t\t\t<span class=\"elementor-button-icon\">\n\t\t\t\t<i aria-hidden=\"true\" class=\"far fa-check-circle\"><\/i>\t\t\t<\/span>\n\t\t\t\t\t\t\t\t\t<span class=\"elementor-button-text\">Comprar Agora<\/span>\n\t\t\t\t\t<\/span>\n\t\t\t\t\t<\/a>\n\t\t<\/div>\n\t\t\t\t<\/div>\n\t\t\t\t<\/div>\n\t\t\t\t\t<\/div>\n\t\t<\/div>\n\t\t\t\t\t<\/div>\n\t\t<\/section>\n\t\t\t\t<section class=\"elementor-section elementor-top-section elementor-element elementor-element-b8232a8 elementor-hidden-desktop elementor-hidden-tablet elementor-hidden-mobile elementor-section-boxed elementor-section-height-default elementor-section-height-default\" data-id=\"b8232a8\" data-element_type=\"section\">\n\t\t\t\t\t\t<div class=\"elementor-container elementor-column-gap-default\">\n\t\t\t\t\t<div class=\"elementor-column elementor-col-100 elementor-top-column elementor-element elementor-element-39a2c3f\" data-id=\"39a2c3f\" data-element_type=\"column\">\n\t\t\t<div class=\"elementor-widget-wrap elementor-element-populated\">\n\t\t\t\t\t\t<div class=\"elementor-element elementor-element-20fbc94 elementor-widget elementor-widget-wp-widget-btif_instagram_widget\" data-id=\"20fbc94\" data-element_type=\"widget\" data-widget_type=\"wp-widget-btif_instagram_widget.default\">\n\t\t\t\t<div class=\"elementor-widget-container\">\n\t\t\t<h5>Acompanhe a gente no Instagram:<\/h5>\r\n<!-- This file should primarily consist of HTML with a little bit of PHP. -->\r\n<ul class=\"popup-gallery photos-3\">\r\n<\/ul>\r\n\r\n<a class=\"profile-link\" href=\"https:\/\/www.instagram.com\/ecoflocos\" target=\"_blank\" rel=\"noreferrer\">\r\n    <span class=\"insta-icon\"><i class=\"fab fa-instagram\"><\/i><\/span>ecoflocos<\/a>\r\n\t\t<\/div>\n\t\t\t\t<\/div>\n\t\t\t\t\t<\/div>\n\t\t<\/div>\n\t\t\t\t\t<\/div>\n\t\t<\/section>\n\t\t\t\t<\/div>\n\t\t","protected":false},"excerpt":{"rendered":"<p>A quantidade de e-commerces vem crescendo a cada dia e consequentemente o ac\u00famulo de embalagens tamb\u00e9m. Precisamos pensar em solu\u00e7\u00f5es sustent\u00e1veis e que sejam 100% enquadradas na quest\u00e3o ambiental para manter o produto em perfeito estado at\u00e9 chegar ao cliente final. Pensando nisso surgiu a ECO FLOCOS. Uma solu\u00e7\u00e3o anti-impacto feita a partir da extrus\u00e3o &hellip; <\/p>\n","protected":false},"author":1,"featured_media":0,"parent":0,"menu_order":99,"comment_status":"closed","ping_status":"closed","template":"","meta":{"_joinchat":[],"footnotes":""},"class_list":["post-27","page","type-page","status-publish","hentry","grid-sizer"],"_links":{"self":[{"href":"https:\/\/ecoflocos.com.br\/index.php\/wp-json\/wp\/v2\/pages\/27","targetHints":{"allow":["GET"]}}],"collection":[{"href":"https:\/\/ecoflocos.com.br\/index.php\/wp-json\/wp\/v2\/pages"}],"about":[{"href":"https:\/\/ecoflocos.com.br\/index.php\/wp-json\/wp\/v2\/types\/page"}],"author":[{"embeddable":true,"href":"https:\/\/ecoflocos.com.br\/index.php\/wp-json\/wp\/v2\/users\/1"}],"replies":[{"embeddable":true,"href":"https:\/\/ecoflocos.com.br\/index.php\/wp-json\/wp\/v2\/comments?post=27"}],"version-history":[{"count":10,"href":"https:\/\/ecoflocos.com.br\/index.php\/wp-json\/wp\/v2\/pages\/27\/revisions"}],"predecessor-version":[{"id":774,"href":"https:\/\/ecoflocos.com.br\/index.php\/wp-json\/wp\/v2\/pages\/27\/revisions\/774"}],"wp:attachment":[{"href":"https:\/\/ecoflocos.com.br\/index.php\/wp-json\/wp\/v2\/media?parent=27"}],"curies":[{"name":"wp","href":"https:\/\/api.w.org\/{rel}","templated":true}]}}