{"id":733,"date":"2023-02-17T11:43:33","date_gmt":"2023-02-17T14:43:33","guid":{"rendered":"https:\/\/ecoflocos.com.br\/?post_type=product&#038;p=733"},"modified":"2023-03-01T00:04:16","modified_gmt":"2023-03-01T03:04:16","slug":"kit-10-pacotes-1-400-litros-cor-verde","status":"publish","type":"product","link":"https:\/\/ecoflocos.com.br\/index.php\/product\/kit-10-pacotes-1-400-litros-cor-verde\/","title":{"rendered":"Kit 10 pacotes 1.400 litros Cor verde"},"content":{"rendered":"<ul>\n<li style=\"text-align: center\">\n<h1><strong>Eco flocos prote\u00e7\u00e3o para seus produtos, material biodegrad\u00e1vel com alto poder de absor\u00e7\u00e3o de impacto e f\u00e1cil descarte.<\/strong><\/h1>\n<\/li>\n<li style=\"text-align: center\">\n<h1><strong><em>Kit composto por 10 unidades de 140 litros totalizando 1.400 litros.<\/em><\/strong><\/h1>\n<\/li>\n<\/ul>\n<p>&nbsp;<\/p>\n","protected":false},"excerpt":{"rendered":"<p>&nbsp;<\/p>\n<ul>\n<li>Produto biodegrad\u00e1vel feito a partir da extrus\u00e3o do milho;<\/li>\n<li>Cont\u00e9m corante aliment\u00edcio;<\/li>\n<li>N\u00e3o agride o meio ambiente;<\/li>\n<li>Armazenar em local seco e arejado;<\/li>\n<li>Para garantir total efic\u00e1cia o Eco Flocos n\u00e3o pode ser umedecido;<\/li>\n<li>Dispon\u00edvel nas cores verde e rosa.<\/li>\n<\/ul>\n","protected":false},"featured_media":735,"comment_status":"open","ping_status":"closed","template":"","meta":{"_joinchat":[]},"product_cat":[25],"product_tag":[],"class_list":{"0":"post-733","1":"product","2":"type-product","3":"status-publish","4":"has-post-thumbnail","6":"product_cat-produto","7":"grid-sizer","9":"first","10":"instock","11":"shipping-taxable","12":"purchasable","13":"product-type-simple"},"_links":{"self":[{"href":"https:\/\/ecoflocos.com.br\/index.php\/wp-json\/wp\/v2\/product\/733","targetHints":{"allow":["GET"]}}],"collection":[{"href":"https:\/\/ecoflocos.com.br\/index.php\/wp-json\/wp\/v2\/product"}],"about":[{"href":"https:\/\/ecoflocos.com.br\/index.php\/wp-json\/wp\/v2\/types\/product"}],"replies":[{"embeddable":true,"href":"https:\/\/ecoflocos.com.br\/index.php\/wp-json\/wp\/v2\/comments?post=733"}],"wp:featuredmedia":[{"embeddable":true,"href":"https:\/\/ecoflocos.com.br\/index.php\/wp-json\/wp\/v2\/media\/735"}],"wp:attachment":[{"href":"https:\/\/ecoflocos.com.br\/index.php\/wp-json\/wp\/v2\/media?parent=733"}],"wp:term":[{"taxonomy":"product_cat","embeddable":true,"href":"https:\/\/ecoflocos.com.br\/index.php\/wp-json\/wp\/v2\/product_cat?post=733"},{"taxonomy":"product_tag","embeddable":true,"href":"https:\/\/ecoflocos.com.br\/index.php\/wp-json\/wp\/v2\/product_tag?post=733"}],"curies":[{"name":"wp","href":"https:\/\/api.w.org\/{rel}","templated":true}]}}