{"id":78,"date":"2020-11-23T14:34:57","date_gmt":"2020-11-23T17:34:57","guid":{"rendered":"https:\/\/ecoflocos.com.br\/?post_type=product&#038;p=78"},"modified":"2026-03-16T00:24:33","modified_gmt":"2026-03-16T03:24:33","slug":"ecoflocos","status":"publish","type":"product","link":"https:\/\/ecoflocos.com.br\/index.php\/product\/ecoflocos\/","title":{"rendered":"Eco Flocos | Escolha o melhor kit para voc\u00ea"},"content":{"rendered":"<ul>\n<li>Produto biodegrad\u00e1vel feito a partir da extrus\u00e3o do milho;<\/li>\n<li>Cont\u00e9m corante aliment\u00edcio;<\/li>\n<li>N\u00e3o agride o meio ambiente;<\/li>\n<li>Armazenar em local seco e arejado;<\/li>\n<li>Para garantir total efic\u00e1cia o Eco Flocos n\u00e3o pode ser umedecido;<\/li>\n<li>Dispon\u00edvel nas cores verde e rosa.<\/li>\n<li>Kit 1 e 2: 1 pacote de 140litros;<br \/>\nMedida do pacote: 49\/69\/41<\/li>\n<li>Kit 3 e 4: 2 pacotes de 140litros;<br \/>\nMedida do pacote: 70\/69\/41<\/li>\n<\/ul>\n<p>&nbsp;<\/p>\n<p>&nbsp;<\/p>\n","protected":false},"excerpt":{"rendered":"<p>O Eco Flocos \u00e9 extremamente leve, macio e altamente resistente. Garante uma \u00f3tima absor\u00e7\u00e3o de impactos de produtos que s\u00e3o considerados vulner\u00e1veis. Al\u00e9m de antiest\u00e1tico ele tamb\u00e9m \u00e9 biodegrad\u00e1vel, podendo ser descartado no meio ambiente sem qualquer preocupa\u00e7\u00e3o.<\/p>\n<p><strong>*O prazo de postagem do produto \u00e9 de no m\u00e1ximo 2 dias \u00fateis ap\u00f3s a confirma\u00e7\u00e3o do pagamento.<\/strong><\/p>\n<p><strong>*Para realizar pedidos de grande quantidade, entre em contato com nosso vendedor atrav\u00e9s do WhatsApp.<\/strong><\/p>\n","protected":false},"featured_media":136,"comment_status":"open","ping_status":"closed","template":"","meta":{"_joinchat":[]},"product_cat":[25],"product_tag":[26],"class_list":{"0":"post-78","1":"product","2":"type-product","3":"status-publish","4":"has-post-thumbnail","6":"product_cat-produto","7":"product_tag-eco-flocos","8":"grid-sizer","10":"first","11":"instock","12":"shipping-taxable","13":"purchasable","14":"product-type-variable"},"_links":{"self":[{"href":"https:\/\/ecoflocos.com.br\/index.php\/wp-json\/wp\/v2\/product\/78","targetHints":{"allow":["GET"]}}],"collection":[{"href":"https:\/\/ecoflocos.com.br\/index.php\/wp-json\/wp\/v2\/product"}],"about":[{"href":"https:\/\/ecoflocos.com.br\/index.php\/wp-json\/wp\/v2\/types\/product"}],"replies":[{"embeddable":true,"href":"https:\/\/ecoflocos.com.br\/index.php\/wp-json\/wp\/v2\/comments?post=78"}],"wp:featuredmedia":[{"embeddable":true,"href":"https:\/\/ecoflocos.com.br\/index.php\/wp-json\/wp\/v2\/media\/136"}],"wp:attachment":[{"href":"https:\/\/ecoflocos.com.br\/index.php\/wp-json\/wp\/v2\/media?parent=78"}],"wp:term":[{"taxonomy":"product_cat","embeddable":true,"href":"https:\/\/ecoflocos.com.br\/index.php\/wp-json\/wp\/v2\/product_cat?post=78"},{"taxonomy":"product_tag","embeddable":true,"href":"https:\/\/ecoflocos.com.br\/index.php\/wp-json\/wp\/v2\/product_tag?post=78"}],"curies":[{"name":"wp","href":"https:\/\/api.w.org\/{rel}","templated":true}]}}